{"id":21,"date":"2025-01-23T10:34:43","date_gmt":"2025-01-23T09:34:43","guid":{"rendered":"https:\/\/ljaeger.ibnogent.org\/?page_id=21"},"modified":"2025-01-23T16:09:05","modified_gmt":"2025-01-23T15:09:05","slug":"quels-rapports-entre-science-et-foi","status":"publish","type":"page","link":"https:\/\/ljaeger-dev789.ibnogent.org\/","title":{"rendered":"Quels rapports entre science et foi ?"},"content":{"rendered":"\n<p>\u00ab La th\u00e9ologie et la physique sont [\u2026] profond\u00e9ment incompatibles, leurs conceptions ont un caract\u00e8re [\u2026] radicalement oppos\u00e9 \u00bb, \u00e9crit Auguste Comte dans son c\u00e9l\u00e8bre Cours de philosophie positive en 1829. Jusqu&rsquo;\u00e0 ce jour, beaucoup consid\u00e8rent que la science s&rsquo;oppose \u00e0 la foi. Il est d&rsquo;autant plus remarquable que de nombreux fondateurs de la science moderne croyaient au Cr\u00e9ateur et en tiraient inspiration pour leur travail scientifique : Kepler, Newton, Boyle\u2026 M\u00eame Galil\u00e9e, dont le proc\u00e8s est devenu le symbole de la confrontation entre foi et savoir, \u00e9tait convaincu que l&rsquo;enseignement biblique et l&rsquo;observation de la nature ne peuvent se contredire, car \u00ab l\u2019\u00c9criture Sacr\u00e9e et la nature proc\u00e8dent \u00e9galement du Verbe divin, celle-l\u00e0 comme dict\u00e9e par l&rsquo;Esprit Saint et celle-ci comme ex\u00e9cutrice tr\u00e8s fid\u00e8le des ordres de Dieu \u00bb (Lettre \u00e0 Christine de Lorraine, 1615).<\/p>\n\n\n\n<p>Comment comprendre alors que la science est souvent vue comme ennemi de la croyance ? Et quelles orientations la recherche doit-elle prendre pour permettre \u00e0 la th\u00e9ologie et \u00e0 la science de retrouver des interactions fructueuses ? Les travaux sur ce site veulent stimuler la r\u00e9flexion et offrir des ressources \u00e0 ceux int\u00e9ress\u00e9s par les questions \u00e0 la fronti\u00e8re entre sciences de la nature, th\u00e9ologie et philosophie. Car trop souvent le dialogue entre science et foi a souffert d&rsquo;un c\u00f4t\u00e9 de la peur de croyants devant de nouveaux r\u00e9sultats scientifiques et de l&rsquo;autre c\u00f4t\u00e9 de l&rsquo;arrogance de scientifiques pr\u00e9tendant offrir la r\u00e9ponse \u00e0 toutes les questions que pose l&rsquo;existence humaine. La solution ne peut pourtant pas se trouver dans l&rsquo;ignorance, voire le rejet r\u00e9ciproques, mais il convient de chercher des fa\u00e7ons constructives pour articuler d\u00e9marche scientifique et croyance religieuse \u2014 deux pratiques humaines fondamentales.<\/p>\n\n\n\n<p><\/p>\n","protected":false},"excerpt":{"rendered":"<p>\u00ab La th\u00e9ologie et la physique sont [\u2026] profond\u00e9ment incompatibles, leurs conceptions ont un caract\u00e8re [\u2026] radicalement oppos\u00e9 \u00bb, \u00e9crit Auguste Comte dans son c\u00e9l\u00e8bre Cours de philosophie positive en 1829. Jusqu&rsquo;\u00e0 ce jour, beaucoup consid\u00e8rent que la science s&rsquo;oppose \u00e0 la foi. Il est d&rsquo;autant plus remarquable que de nombreux fondateurs de la science [&hellip;]<\/p>\n","protected":false},"author":2,"featured_media":114,"parent":0,"menu_order":0,"comment_status":"closed","ping_status":"closed","template":"","meta":{"footnotes":""},"class_list":["post-21","page","type-page","status-publish","has-post-thumbnail","hentry"],"_links":{"self":[{"href":"https:\/\/ljaeger-dev789.ibnogent.org\/index.php?rest_route=\/wp\/v2\/pages\/21","targetHints":{"allow":["GET"]}}],"collection":[{"href":"https:\/\/ljaeger-dev789.ibnogent.org\/index.php?rest_route=\/wp\/v2\/pages"}],"about":[{"href":"https:\/\/ljaeger-dev789.ibnogent.org\/index.php?rest_route=\/wp\/v2\/types\/page"}],"author":[{"embeddable":true,"href":"https:\/\/ljaeger-dev789.ibnogent.org\/index.php?rest_route=\/wp\/v2\/users\/2"}],"replies":[{"embeddable":true,"href":"https:\/\/ljaeger-dev789.ibnogent.org\/index.php?rest_route=%2Fwp%2Fv2%2Fcomments&post=21"}],"version-history":[{"count":2,"href":"https:\/\/ljaeger-dev789.ibnogent.org\/index.php?rest_route=\/wp\/v2\/pages\/21\/revisions"}],"predecessor-version":[{"id":100,"href":"https:\/\/ljaeger-dev789.ibnogent.org\/index.php?rest_route=\/wp\/v2\/pages\/21\/revisions\/100"}],"wp:featuredmedia":[{"embeddable":true,"href":"https:\/\/ljaeger-dev789.ibnogent.org\/index.php?rest_route=\/wp\/v2\/media\/114"}],"wp:attachment":[{"href":"https:\/\/ljaeger-dev789.ibnogent.org\/index.php?rest_route=%2Fwp%2Fv2%2Fmedia&parent=21"}],"curies":[{"name":"wp","href":"https:\/\/api.w.org\/{rel}","templated":true}]}}