{"id":23,"date":"2024-11-20T09:39:50","date_gmt":"2024-11-20T08:39:50","guid":{"rendered":"https:\/\/ljaeger.ibnogent.org\/?page_id=23"},"modified":"2025-04-11T18:44:46","modified_gmt":"2025-04-11T16:44:46","slug":"biographie","status":"publish","type":"page","link":"https:\/\/ljaeger-dev789.ibnogent.org\/?page_id=23","title":{"rendered":"Biographie"},"content":{"rendered":"\n<div class=\"wp-block-columns is-layout-flex wp-container-core-columns-is-layout-28f84493 wp-block-columns-is-layout-flex\">\n<div class=\"wp-block-column is-layout-flow wp-block-column-is-layout-flow\" style=\"flex-basis:50%\">\n<figure class=\"wp-block-image aligncenter size-full is-resized\"><img fetchpriority=\"high\" decoding=\"async\" width=\"400\" height=\"400\" src=\"https:\/\/ljaeger-dev789.ibnogent.org\/wp-content\/uploads\/2025\/04\/LydiaJ-1-1.webp\" alt=\"\" class=\"wp-image-407\" style=\"width:285px;height:auto\" srcset=\"https:\/\/ljaeger-dev789.ibnogent.org\/wp-content\/uploads\/2025\/04\/LydiaJ-1-1.webp 400w, https:\/\/ljaeger-dev789.ibnogent.org\/wp-content\/uploads\/2025\/04\/LydiaJ-1-1-300x300.webp 300w, https:\/\/ljaeger-dev789.ibnogent.org\/wp-content\/uploads\/2025\/04\/LydiaJ-1-1-150x150.webp 150w\" sizes=\"(max-width: 400px) 100vw, 400px\" \/><\/figure>\n<\/div>\n\n\n\n<div class=\"wp-block-column is-layout-flow wp-block-column-is-layout-flow\" style=\"flex-basis:50%\">\n<p>Lydia Jaeger a suivi des \u00e9tudes sup\u00e9rieures de physique et de math\u00e9matiques \u00e0 l\u2019Universit\u00e9 de Cologne, o\u00f9 elle a particip\u00e9 \u00e0 un groupe de recherche en physique th\u00e9orique du solide. <\/p>\n\n\n\n<p>Dipl\u00f4m\u00e9e de la Facult\u00e9 libre de th\u00e9ologie \u00e9vang\u00e9lique de Vaux-sur-Seine (Yvelines), elle a travaill\u00e9 pendant trois ann\u00e9es au service de r\u00e9daction et de formation biblique de l\u2019Arm\u00e9e du Salut \u00e0 Paris. <\/p>\n\n\n\n<p>Elle est professeur et conseill\u00e8re acad\u00e9mique au d\u00e9veloppement p\u00e9dagogique et charg\u00e9e des relations internationales \u00e0 l\u2019<a href=\"http:\/\/ibnogent.org\" data-type=\"link\" data-id=\"ibnogent.org\" target=\"_blank\" rel=\"noreferrer noopener\">Institut Biblique de Nogent-sur-Marne<\/a>. <\/p>\n<\/div>\n<\/div>\n\n\n\n<p>Elle a obtenu un doctorat en philosophie de la Sorbonne, sur les rapports entre convictions religieuses et approches contemporaines des lois de la nature. Ses int\u00e9r\u00eats de recherche actuels concernent les implications \u00e9pist\u00e9mologiques et \u00e9thiques de la doctrine de la cr\u00e9ation et l\u2019articulation entre philosophie, sciences et th\u00e9ologie.<\/p>\n\n\n\n<p>Lydia Jaeger est l\u2019auteur de divers livres et articles sur la relation entre le christianisme et les sciences. Parmi ses ouvrages : <em>Croire et conna\u00eetre : Einstein, Polanyi et les lois de la nature<\/em> (\u00c9d. de l\u2019Institut Biblique\/Excelsis, 1999), <em>Lois de la nature et raisons du c\u0153ur : les convictions religieuses dans le d\u00e9bat \u00e9pist\u00e9mologique contemporain<\/em> (Peter Lang, 2007), <em>Vivre dans un monde cr\u00e9\u00e9<\/em> (Farel, 2007), <em>Ce que les cieux racontent : la science \u00e0 la lumi\u00e8re de la cr\u00e9ation<\/em> (Excelsis, 2008), <em>Vivre avec la mort<\/em> (\u00c9difac\/Excelsis, 2013), et <em>Le hasard : perspectives scientifiques, philosophiques et th\u00e9ologiques<\/em> (Excelsis\/\u00c9d. de l&rsquo;Institut Biblique, 2014).<\/p>\n\n\n\n<p>Lydia Jaeger est associ\u00e9e de recherche du <a href=\"https:\/\/www.st-edmunds.cam.ac.uk\/\" target=\"_blank\" rel=\"noreferrer noopener\">St. Edmund\u2019s College<\/a>, Universit\u00e9 de Cambridge. Elle est \u00e9galement \u00ab Faraday Associate \u00bb du <a href=\"https:\/\/www.faraday.cam.ac.uk\/\" target=\"_blank\" rel=\"noreferrer noopener\">Faraday Institute for Science and Religion<\/a> et \u00ab KLC Research Fellow \u00bb du Kirby Laing Centre for Public Theology (tous les deux bas\u00e9s \u00e0 Cambridge, Angleterre). Elle est membre de l&rsquo;<a href=\"https:\/\/network.asa3.org\/\" target=\"_blank\" rel=\"noreferrer noopener\">American Scientific Affiliation (ASA)<\/a>, de <a href=\"https:\/\/www.cis.org.uk\/\" target=\"_blank\" rel=\"noreferrer noopener\">Christians in Science (CiS)<\/a>, de la <a href=\"https:\/\/www.tyndalefellowship.org\/\" target=\"_blank\" rel=\"noreferrer noopener\">Tyndale Fellowship<\/a> et de la International Society for Science and Religion ; elle est membre fondateur du <a href=\"http:\/\/scientifiquesevangeliques.org\/\" target=\"_blank\" rel=\"noreferrer noopener\">R\u00e9seau des Scientifiques \u00c9vang\u00e9liques<\/a> et du <a href=\"https:\/\/amis.gbu.fr\/reseaux-2\/resh\/\" target=\"_blank\" rel=\"noreferrer noopener\">R\u00e9seau Evang\u00e9liques et Sciences Humaines<\/a>. Elle coordonne <a href=\"https:\/\/www.lecnef.org\/page\/510844-comite-theologique\" target=\"_blank\" rel=\"noreferrer noopener\">le Comit\u00e9 th\u00e9ologique<\/a> du Conseil National des \u00c9vang\u00e9liques de France.<\/p>\n\n\n\n<p><\/p>\n","protected":false},"excerpt":{"rendered":"<p>Lydia Jaeger a suivi des \u00e9tudes sup\u00e9rieures de physique et de math\u00e9matiques \u00e0 l\u2019Universit\u00e9 de Cologne, o\u00f9 elle a particip\u00e9 \u00e0 un groupe de recherche en physique th\u00e9orique du solide. Dipl\u00f4m\u00e9e de la Facult\u00e9 libre de th\u00e9ologie \u00e9vang\u00e9lique de Vaux-sur-Seine (Yvelines), elle a travaill\u00e9 pendant trois ann\u00e9es au service de r\u00e9daction et de formation biblique [&hellip;]<\/p>\n","protected":false},"author":2,"featured_media":0,"parent":0,"menu_order":0,"comment_status":"closed","ping_status":"closed","template":"","meta":{"footnotes":""},"class_list":["post-23","page","type-page","status-publish","hentry"],"_links":{"self":[{"href":"https:\/\/ljaeger-dev789.ibnogent.org\/index.php?rest_route=\/wp\/v2\/pages\/23","targetHints":{"allow":["GET"]}}],"collection":[{"href":"https:\/\/ljaeger-dev789.ibnogent.org\/index.php?rest_route=\/wp\/v2\/pages"}],"about":[{"href":"https:\/\/ljaeger-dev789.ibnogent.org\/index.php?rest_route=\/wp\/v2\/types\/page"}],"author":[{"embeddable":true,"href":"https:\/\/ljaeger-dev789.ibnogent.org\/index.php?rest_route=\/wp\/v2\/users\/2"}],"replies":[{"embeddable":true,"href":"https:\/\/ljaeger-dev789.ibnogent.org\/index.php?rest_route=%2Fwp%2Fv2%2Fcomments&post=23"}],"version-history":[{"count":4,"href":"https:\/\/ljaeger-dev789.ibnogent.org\/index.php?rest_route=\/wp\/v2\/pages\/23\/revisions"}],"predecessor-version":[{"id":408,"href":"https:\/\/ljaeger-dev789.ibnogent.org\/index.php?rest_route=\/wp\/v2\/pages\/23\/revisions\/408"}],"wp:attachment":[{"href":"https:\/\/ljaeger-dev789.ibnogent.org\/index.php?rest_route=%2Fwp%2Fv2%2Fmedia&parent=23"}],"curies":[{"name":"wp","href":"https:\/\/api.w.org\/{rel}","templated":true}]}}